{"id":3766,"date":"2025-03-18T12:20:03","date_gmt":"2025-03-18T11:20:03","guid":{"rendered":"https:\/\/marinagreenwich.com\/?post_type=product&#038;p=3766"},"modified":"2025-03-18T12:20:03","modified_gmt":"2025-03-18T11:20:03","slug":"jeanneau-leader-805","status":"publish","type":"product","link":"https:\/\/marinagreenwich.com\/en\/producto\/jeanneau-leader-805\/","title":{"rendered":"JEANNEAU LEADER 805"},"content":{"rendered":"<p>OPORTUNIDAD: embarcaci\u00f3n con refit realizado durante el a\u00f1o 2024. Toda la tapicer\u00eda nueva, biminitop (estructura y tela) nuevo. forro de cubierta deck marine reci\u00e9n instalado. Escalera de ba\u00f1o ampliada para f\u00e1cil acceso. Barco en funcionamiento y listo para navegar. Dos motores Volvo Penta gxi de\u00a0 \u00a0225 hp . electr\u00f3nica renovada.<\/p>\n","protected":false},"excerpt":{"rendered":"<p>A\u00d1O: 2003 \/ ESLORA: 7.49 m \/ MANGA: 2.95 m \/ MOTOR: 2 X VOLVO PENTA 4.3 GXI 225 hp \/ COMBUSTIBLE: gasolina<\/p>\n","protected":false},"featured_media":3767,"template":"","meta":{"_et_pb_use_builder":"","_et_pb_old_content":"","_et_gb_content_width":""},"product_brand":[61],"product_cat":[32,27],"product_tag":[57,42,52],"class_list":{"0":"post-3766","1":"product","2":"type-product","3":"status-publish","4":"has-post-thumbnail","6":"product_brand-jeanneau","7":"product_cat-ocasion","8":"product_cat-venta-embarcaciones","9":"product_tag-novedad","10":"product_tag-ocasion","11":"product_tag-oportunidad","13":"first","14":"instock","15":"purchasable","16":"product-type-simple"},"_links":{"self":[{"href":"https:\/\/marinagreenwich.com\/en\/wp-json\/wp\/v2\/product\/3766","targetHints":{"allow":["GET"]}}],"collection":[{"href":"https:\/\/marinagreenwich.com\/en\/wp-json\/wp\/v2\/product"}],"about":[{"href":"https:\/\/marinagreenwich.com\/en\/wp-json\/wp\/v2\/types\/product"}],"wp:featuredmedia":[{"embeddable":true,"href":"https:\/\/marinagreenwich.com\/en\/wp-json\/wp\/v2\/media\/3767"}],"wp:attachment":[{"href":"https:\/\/marinagreenwich.com\/en\/wp-json\/wp\/v2\/media?parent=3766"}],"wp:term":[{"taxonomy":"product_brand","embeddable":true,"href":"https:\/\/marinagreenwich.com\/en\/wp-json\/wp\/v2\/product_brand?post=3766"},{"taxonomy":"product_cat","embeddable":true,"href":"https:\/\/marinagreenwich.com\/en\/wp-json\/wp\/v2\/product_cat?post=3766"},{"taxonomy":"product_tag","embeddable":true,"href":"https:\/\/marinagreenwich.com\/en\/wp-json\/wp\/v2\/product_tag?post=3766"}],"curies":[{"name":"wp","href":"https:\/\/api.w.org\/{rel}","templated":true}]}}